{"id":40,"date":"2024-02-29T20:22:54","date_gmt":"2024-02-29T20:22:54","guid":{"rendered":"https:\/\/www.sarahmayfeliciano.com\/?page_id=40"},"modified":"2024-03-23T20:10:40","modified_gmt":"2024-03-23T20:10:40","slug":"about-sarah-may","status":"publish","type":"page","link":"https:\/\/www.sarahmayfeliciano.com\/en\/about-sarah-may\/","title":{"rendered":"About Sarah May"},"content":{"rendered":"<div data-elementor-type=\"wp-page\" data-elementor-id=\"40\" class=\"elementor elementor-40\" data-elementor-settings=\"{&quot;ha_cmc_init_switcher&quot;:&quot;no&quot;}\" data-elementor-post-type=\"page\">\n\t\t\t\t\t\t<section class=\"elementor-section elementor-top-section elementor-element elementor-element-cce7045 elementor-section-boxed elementor-section-height-default elementor-section-height-default\" data-id=\"cce7045\" data-element_type=\"section\" data-settings=\"{&quot;_ha_eqh_enable&quot;:false}\">\n\t\t\t\t\t\t<div class=\"elementor-container elementor-column-gap-default\">\n\t\t\t\t\t<div class=\"elementor-column elementor-col-100 elementor-top-column elementor-element elementor-element-ff8ca78\" data-id=\"ff8ca78\" data-element_type=\"column\">\n\t\t\t<div class=\"elementor-widget-wrap elementor-element-populated\">\n\t\t\t\t\t\t<div class=\"elementor-element elementor-element-0f6fa07 elementor-widget elementor-widget-heading\" data-id=\"0f6fa07\" data-element_type=\"widget\" data-widget_type=\"heading.default\">\n\t\t\t\t<div class=\"elementor-widget-container\">\n\t\t\t<h2 class=\"elementor-heading-title elementor-size-default\">About Me<\/h2>\t\t<\/div>\n\t\t\t\t<\/div>\n\t\t\t\t<div class=\"elementor-element elementor-element-a29cd8a elementor-widget-divider--view-line elementor-widget elementor-widget-divider\" data-id=\"a29cd8a\" data-element_type=\"widget\" data-widget_type=\"divider.default\">\n\t\t\t\t<div class=\"elementor-widget-container\">\n\t\t\t\t\t<div class=\"elementor-divider\">\n\t\t\t<span class=\"elementor-divider-separator\">\n\t\t\t\t\t\t<\/span>\n\t\t<\/div>\n\t\t\t\t<\/div>\n\t\t\t\t<\/div>\n\t\t\t\t<section class=\"elementor-section elementor-inner-section elementor-element elementor-element-19de8b6 elementor-section-boxed elementor-section-height-default elementor-section-height-default\" data-id=\"19de8b6\" data-element_type=\"section\" data-settings=\"{&quot;_ha_eqh_enable&quot;:false}\">\n\t\t\t\t\t\t<div class=\"elementor-container elementor-column-gap-default\">\n\t\t\t\t\t<div class=\"elementor-column elementor-col-100 elementor-inner-column elementor-element elementor-element-67cf07b\" data-id=\"67cf07b\" data-element_type=\"column\">\n\t\t\t<div class=\"elementor-widget-wrap elementor-element-populated\">\n\t\t\t\t\t\t<div class=\"elementor-element elementor-element-b373cf9 elementor-widget elementor-widget-text-editor\" data-id=\"b373cf9\" data-element_type=\"widget\" data-widget_type=\"text-editor.default\">\n\t\t\t\t<div class=\"elementor-widget-container\">\n\t\t\t\t\t\t\t<p class=\"translation-block\">Sarah May Feliciano was born in Feldkirch, Austria and worked in the travel and hospitality industry for over 15 years. After giving up her own fashion label in New York, she moved back to Vienna and discovered her passion for storytelling. She started writing screenplays and producing short films in her twenties. The birth of her two children inspired her to venture into the world of children's literature. Through her books, she aims not only to promote spiritual growth but also to share the love of God with young readers. \"Lea and Jakob\" is the first book in her debut series. Currently, Sarah May is dedicating herself to writing her debut novel and creating scripts for the Austrian film industry. She lives with her family in the beautiful green heart of Austria - Styria.<\/p>\t\t\t\t\t\t<\/div>\n\t\t\t\t<\/div>\n\t\t\t\t\t<\/div>\n\t\t<\/div>\n\t\t\t\t\t<\/div>\n\t\t<\/section>\n\t\t\t\t\t<\/div>\n\t\t<\/div>\n\t\t\t\t\t<\/div>\n\t\t<\/section>\n\t\t\t\t<section class=\"elementor-section elementor-top-section elementor-element elementor-element-e6b1b5d elementor-section-boxed elementor-section-height-default elementor-section-height-default\" data-id=\"e6b1b5d\" data-element_type=\"section\" data-settings=\"{&quot;_ha_eqh_enable&quot;:false}\">\n\t\t\t\t\t\t<div class=\"elementor-container elementor-column-gap-default\">\n\t\t\t\t\t<div class=\"elementor-column elementor-col-100 elementor-top-column elementor-element elementor-element-b80307d\" data-id=\"b80307d\" data-element_type=\"column\">\n\t\t\t<div class=\"elementor-widget-wrap elementor-element-populated\">\n\t\t\t\t\t\t<div class=\"elementor-element elementor-element-b936a5c elementor-widget elementor-widget-heading\" data-id=\"b936a5c\" data-element_type=\"widget\" data-widget_type=\"heading.default\">\n\t\t\t\t<div class=\"elementor-widget-container\">\n\t\t\t<h2 class=\"elementor-heading-title elementor-size-default\">A sincere and God's answer <\/h2>\t\t<\/div>\n\t\t\t\t<\/div>\n\t\t\t\t<div class=\"elementor-element elementor-element-e99ec7d elementor-widget-divider--view-line elementor-widget elementor-widget-divider\" data-id=\"e99ec7d\" data-element_type=\"widget\" data-widget_type=\"divider.default\">\n\t\t\t\t<div class=\"elementor-widget-container\">\n\t\t\t\t\t<div class=\"elementor-divider\">\n\t\t\t<span class=\"elementor-divider-separator\">\n\t\t\t\t\t\t<\/span>\n\t\t<\/div>\n\t\t\t\t<\/div>\n\t\t\t\t<\/div>\n\t\t\t\t<section class=\"elementor-section elementor-inner-section elementor-element elementor-element-f448d34 elementor-section-boxed elementor-section-height-default elementor-section-height-default\" data-id=\"f448d34\" data-element_type=\"section\" data-settings=\"{&quot;_ha_eqh_enable&quot;:false}\">\n\t\t\t\t\t\t<div class=\"elementor-container elementor-column-gap-default\">\n\t\t\t\t\t<div class=\"elementor-column elementor-col-100 elementor-inner-column elementor-element elementor-element-fb89afc\" data-id=\"fb89afc\" data-element_type=\"column\">\n\t\t\t<div class=\"elementor-widget-wrap elementor-element-populated\">\n\t\t\t\t\t\t<div class=\"elementor-element elementor-element-675cf4d elementor-widget elementor-widget-text-editor\" data-id=\"675cf4d\" data-element_type=\"widget\" data-widget_type=\"text-editor.default\">\n\t\t\t\t<div class=\"elementor-widget-container\">\n\t\t\t\t\t\t\t<p class=\"translation-block\">While driving my car, I was listening to a Bible reading and praying to God for a way to make money while still being able to stay home with my two young children. As I parked my car and looked at my two little darlings in the rearview mirror, I suddenly had an idea - I'm going to write English children's books! I truly believed that God had blessed me with this inspiration. My wish is to encourage parents and their children to believe more and spend valuable time together with the fascinating stories from the Bible. My books are intended to show young and old that if you look for something, you will find it, and if you knock on a door, it will open to you (Matthew 7:7).<\/p>\t\t\t\t\t\t<\/div>\n\t\t\t\t<\/div>\n\t\t\t\t\t<\/div>\n\t\t<\/div>\n\t\t\t\t\t<\/div>\n\t\t<\/section>\n\t\t\t\t<section class=\"elementor-section elementor-inner-section elementor-element elementor-element-f994203 elementor-section-boxed elementor-section-height-default elementor-section-height-default\" data-id=\"f994203\" data-element_type=\"section\" data-settings=\"{&quot;_ha_eqh_enable&quot;:false}\">\n\t\t\t\t\t\t<div class=\"elementor-container elementor-column-gap-default\">\n\t\t\t\t\t<div class=\"elementor-column elementor-col-100 elementor-inner-column elementor-element elementor-element-e8b7a78\" data-id=\"e8b7a78\" data-element_type=\"column\">\n\t\t\t<div class=\"elementor-widget-wrap elementor-element-populated\">\n\t\t\t\t\t\t<div class=\"elementor-element elementor-element-2383a4e elementor-align-justify elementor-widget elementor-widget-button\" data-id=\"2383a4e\" data-element_type=\"widget\" data-widget_type=\"button.default\">\n\t\t\t\t<div class=\"elementor-widget-container\">\n\t\t\t\t\t<div class=\"elementor-button-wrapper\">\n\t\t\t<a class=\"elementor-button elementor-button-link elementor-size-sm\" href=\"https:\/\/www.sarahmayfeliciano.com\/en\/books\/\">\n\t\t\t\t\t\t<span class=\"elementor-button-content-wrapper\">\n\t\t\t\t\t\t<span class=\"elementor-button-icon\">\n\t\t\t\t<svg aria-hidden=\"true\" class=\"e-font-icon-svg e-fas-shopping-cart\" viewbox=\"0 0 576 512\" xmlns=\"http:\/\/www.w3.org\/2000\/svg\"><path d=\"M528.12 301.319l47.273-208C578.806 78.301 567.391 64 551.99 64H159.208l-9.166-44.81C147.758 8.021 137.93 0 126.529 0H24C10.745 0 0 10.745 0 24v16c0 13.255 10.745 24 24 24h69.883l70.248 343.435C147.325 417.1 136 435.222 136 456c0 30.928 25.072 56 56 56s56-25.072 56-56c0-15.674-6.447-29.835-16.824-40h209.647C430.447 426.165 424 440.326 424 456c0 30.928 25.072 56 56 56s56-25.072 56-56c0-22.172-12.888-41.332-31.579-50.405l5.517-24.276c3.413-15.018-8.002-29.319-23.403-29.319H218.117l-6.545-32h293.145c11.206 0 20.92-7.754 23.403-18.681z\"><\/path><\/svg>\t\t\t<\/span>\n\t\t\t\t\t\t\t\t\t<span class=\"elementor-button-text\">Shop Now<\/span>\n\t\t\t\t\t<\/span>\n\t\t\t\t\t<\/a>\n\t\t<\/div>\n\t\t\t\t<\/div>\n\t\t\t\t<\/div>\n\t\t\t\t\t<\/div>\n\t\t<\/div>\n\t\t\t\t\t<\/div>\n\t\t<\/section>\n\t\t\t\t\t<\/div>\n\t\t<\/div>\n\t\t\t\t\t<\/div>\n\t\t<\/section>\n\t\t\t\t<section class=\"elementor-section elementor-top-section elementor-element elementor-element-68b45e9 elementor-section-boxed elementor-section-height-default elementor-section-height-default\" data-id=\"68b45e9\" data-element_type=\"section\" data-settings=\"{&quot;_ha_eqh_enable&quot;:false}\">\n\t\t\t\t\t\t<div class=\"elementor-container elementor-column-gap-default\">\n\t\t\t\t\t<div class=\"elementor-column elementor-col-100 elementor-top-column elementor-element elementor-element-3676cac\" data-id=\"3676cac\" data-element_type=\"column\">\n\t\t\t<div class=\"elementor-widget-wrap elementor-element-populated\">\n\t\t\t\t\t\t<div class=\"elementor-element elementor-element-0a54f0a elementor-widget elementor-widget-heading\" data-id=\"0a54f0a\" data-element_type=\"widget\" data-widget_type=\"heading.default\">\n\t\t\t\t<div class=\"elementor-widget-container\">\n\t\t\t<h2 class=\"elementor-heading-title elementor-size-default\">Follow Me<\/h2>\t\t<\/div>\n\t\t\t\t<\/div>\n\t\t\t\t<div class=\"elementor-element elementor-element-2956ca2 elementor-widget-divider--view-line elementor-widget elementor-widget-divider\" data-id=\"2956ca2\" data-element_type=\"widget\" data-widget_type=\"divider.default\">\n\t\t\t\t<div class=\"elementor-widget-container\">\n\t\t\t\t\t<div class=\"elementor-divider\">\n\t\t\t<span class=\"elementor-divider-separator\">\n\t\t\t\t\t\t<\/span>\n\t\t<\/div>\n\t\t\t\t<\/div>\n\t\t\t\t<\/div>\n\t\t\t\t<section class=\"elementor-section elementor-inner-section elementor-element elementor-element-f62655a elementor-section-content-middle elementor-section-boxed elementor-section-height-default elementor-section-height-default\" data-id=\"f62655a\" data-element_type=\"section\" data-settings=\"{&quot;_ha_eqh_enable&quot;:false}\">\n\t\t\t\t\t\t<div class=\"elementor-container elementor-column-gap-default\">\n\t\t\t\t\t<div class=\"elementor-column elementor-col-50 elementor-inner-column elementor-element elementor-element-53476b1\" data-id=\"53476b1\" data-element_type=\"column\">\n\t\t\t<div class=\"elementor-widget-wrap elementor-element-populated\">\n\t\t\t\t\t\t<div class=\"elementor-element elementor-element-083de15 elementor-shape-rounded elementor-grid-0 e-grid-align-center elementor-widget elementor-widget-social-icons\" data-id=\"083de15\" data-element_type=\"widget\" data-widget_type=\"social-icons.default\">\n\t\t\t\t<div class=\"elementor-widget-container\">\n\t\t\t\t\t<div class=\"elementor-social-icons-wrapper elementor-grid\">\n\t\t\t\t\t\t\t<span class=\"elementor-grid-item\">\n\t\t\t\t\t<a class=\"elementor-icon elementor-social-icon elementor-social-icon-facebook-f elementor-animation-grow elementor-repeater-item-1bdd77c\" target=\"_blank\">\n\t\t\t\t\t\t<span class=\"elementor-screen-only\">Facebook-f<\/span>\n\t\t\t\t\t\t<svg class=\"e-font-icon-svg e-fab-facebook-f\" viewbox=\"0 0 320 512\" xmlns=\"http:\/\/www.w3.org\/2000\/svg\"><path d=\"M279.14 288l14.22-92.66h-88.91v-60.13c0-25.35 12.42-50.06 52.24-50.06h40.42V6.26S260.43 0 225.36 0c-73.22 0-121.08 44.38-121.08 124.72v70.62H22.89V288h81.39v224h100.17V288z\"><\/path><\/svg>\t\t\t\t\t<\/a>\n\t\t\t\t<\/span>\n\t\t\t\t\t\t\t<span class=\"elementor-grid-item\">\n\t\t\t\t\t<a class=\"elementor-icon elementor-social-icon elementor-social-icon-hm-instagram elementor-animation-grow elementor-repeater-item-c176594\" target=\"_blank\">\n\t\t\t\t\t\t<span class=\"elementor-screen-only\">Hm-instagram<\/span>\n\t\t\t\t\t\t<i class=\"hm hm-instagram\"><\/i>\t\t\t\t\t<\/a>\n\t\t\t\t<\/span>\n\t\t\t\t\t<\/div>\n\t\t\t\t<\/div>\n\t\t\t\t<\/div>\n\t\t\t\t\t<\/div>\n\t\t<\/div>\n\t\t\t\t<div class=\"elementor-column elementor-col-50 elementor-inner-column elementor-element elementor-element-29a272e\" data-id=\"29a272e\" data-element_type=\"column\">\n\t\t\t<div class=\"elementor-widget-wrap elementor-element-populated\">\n\t\t\t\t\t\t<div class=\"elementor-element elementor-element-ccc74bd elementor-widget elementor-widget-image\" data-id=\"ccc74bd\" data-element_type=\"widget\" data-widget_type=\"image.default\">\n\t\t\t\t<div class=\"elementor-widget-container\">\n\t\t\t\t\t\t\t\t\t\t\t\t\t<img fetchpriority=\"high\" decoding=\"async\" width=\"768\" height=\"512\" src=\"https:\/\/www.sarahmayfeliciano.com\/wp-content\/uploads\/2024\/02\/DSC01291-768x512.jpg\" class=\"attachment-medium_large size-medium_large wp-image-69\" alt=\"\" srcset=\"https:\/\/www.sarahmayfeliciano.com\/wp-content\/uploads\/2024\/02\/DSC01291-768x512.jpg 768w, https:\/\/www.sarahmayfeliciano.com\/wp-content\/uploads\/2024\/02\/DSC01291-scaled-600x400.jpg 600w, https:\/\/www.sarahmayfeliciano.com\/wp-content\/uploads\/2024\/02\/DSC01291-300x200.jpg 300w, https:\/\/www.sarahmayfeliciano.com\/wp-content\/uploads\/2024\/02\/DSC01291-1024x683.jpg 1024w, https:\/\/www.sarahmayfeliciano.com\/wp-content\/uploads\/2024\/02\/DSC01291-1536x1024.jpg 1536w, https:\/\/www.sarahmayfeliciano.com\/wp-content\/uploads\/2024\/02\/DSC01291-2048x1365.jpg 2048w\" sizes=\"(max-width: 768px) 100vw, 768px\" \/>\t\t\t\t\t\t\t\t\t\t\t\t\t<\/div>\n\t\t\t\t<\/div>\n\t\t\t\t\t<\/div>\n\t\t<\/div>\n\t\t\t\t\t<\/div>\n\t\t<\/section>\n\t\t\t\t\t<\/div>\n\t\t<\/div>\n\t\t\t\t\t<\/div>\n\t\t<\/section>\n\t\t\t\t<\/div>","protected":false},"excerpt":{"rendered":"<p>\u00dcber Mich Sarah May Feliciano wurde in Feldkirch, \u00d6sterreich, geboren und arbeitete \u00fcber 15 Jahre lang im Reise- und Gastgewerbe. [&hellip;]<\/p>\n","protected":false},"author":1,"featured_media":0,"parent":0,"menu_order":0,"comment_status":"closed","ping_status":"closed","template":"elementor_header_footer","meta":{"site-sidebar-layout":"no-sidebar","site-content-layout":"","ast-site-content-layout":"full-width-container","site-content-style":"default","site-sidebar-style":"default","ast-global-header-display":"","ast-banner-title-visibility":"","ast-main-header-display":"","ast-hfb-above-header-display":"","ast-hfb-below-header-display":"","ast-hfb-mobile-header-display":"","site-post-title":"disabled","ast-breadcrumbs-content":"","ast-featured-img":"disabled","footer-sml-layout":"","theme-transparent-header-meta":"default","adv-header-id-meta":"","stick-header-meta":"","header-above-stick-meta":"","header-main-stick-meta":"","header-below-stick-meta":"","astra-migrate-meta-layouts":"set","ast-page-background-enabled":"default","ast-page-background-meta":{"desktop":{"background-color":"var(--ast-global-color-4)","background-image":"","background-repeat":"repeat","background-position":"center center","background-size":"auto","background-attachment":"scroll","background-type":"","background-media":"","overlay-type":"","overlay-color":"","overlay-gradient":""},"tablet":{"background-color":"","background-image":"","background-repeat":"repeat","background-position":"center center","background-size":"auto","background-attachment":"scroll","background-type":"","background-media":"","overlay-type":"","overlay-color":"","overlay-gradient":""},"mobile":{"background-color":"","background-image":"","background-repeat":"repeat","background-position":"center center","background-size":"auto","background-attachment":"scroll","background-type":"","background-media":"","overlay-type":"","overlay-color":"","overlay-gradient":""}},"ast-content-background-meta":{"desktop":{"background-color":"var(--ast-global-color-5)","background-image":"","background-repeat":"repeat","background-position":"center center","background-size":"auto","background-attachment":"scroll","background-type":"","background-media":"","overlay-type":"","overlay-color":"","overlay-gradient":""},"tablet":{"background-color":"var(--ast-global-color-5)","background-image":"","background-repeat":"repeat","background-position":"center center","background-size":"auto","background-attachment":"scroll","background-type":"","background-media":"","overlay-type":"","overlay-color":"","overlay-gradient":""},"mobile":{"background-color":"var(--ast-global-color-5)","background-image":"","background-repeat":"repeat","background-position":"center center","background-size":"auto","background-attachment":"scroll","background-type":"","background-media":"","overlay-type":"","overlay-color":"","overlay-gradient":""}},"footnotes":""},"class_list":["post-40","page","type-page","status-publish","hentry"],"yoast_head":"<!-- This site is optimized with the Yoast SEO plugin v25.6 - https:\/\/yoast.com\/wordpress\/plugins\/seo\/ -->\n<title>About Sarah May - Sarah May Feliciano<\/title>\n<meta name=\"robots\" content=\"index, follow, max-snippet:-1, max-image-preview:large, max-video-preview:-1\" \/>\n<link rel=\"canonical\" href=\"https:\/\/www.sarahmayfeliciano.com\/en\/about-sarah-may\/\" \/>\n<meta property=\"og:locale\" content=\"en_US\" \/>\n<meta property=\"og:type\" content=\"article\" \/>\n<meta property=\"og:title\" content=\"About Sarah May - Sarah May Feliciano\" \/>\n<meta property=\"og:description\" content=\"\u00dcber Mich Sarah May Feliciano wurde in Feldkirch, \u00d6sterreich, geboren und arbeitete \u00fcber 15 Jahre lang im Reise- und Gastgewerbe. [&hellip;]\" \/>\n<meta property=\"og:url\" content=\"https:\/\/www.sarahmayfeliciano.com\/en\/about-sarah-may\/\" \/>\n<meta property=\"og:site_name\" content=\"Sarah May Feliciano\" \/>\n<meta property=\"article:modified_time\" content=\"2024-03-23T20:10:40+00:00\" \/>\n<meta property=\"og:image\" content=\"https:\/\/www.sarahmayfeliciano.com\/wp-content\/uploads\/2024\/02\/DSC01291-768x512.jpg\" \/>\n<meta name=\"twitter:card\" content=\"summary_large_image\" \/>\n<meta name=\"twitter:label1\" content=\"Est. reading time\" \/>\n\t<meta name=\"twitter:data1\" content=\"2 minutes\" \/>\n<script type=\"application\/ld+json\" class=\"yoast-schema-graph\">{\"@context\":\"https:\/\/schema.org\",\"@graph\":[{\"@type\":\"WebPage\",\"@id\":\"https:\/\/www.sarahmayfeliciano.com\/about-sarah-may\/\",\"url\":\"https:\/\/www.sarahmayfeliciano.com\/about-sarah-may\/\",\"name\":\"About Sarah May - Sarah May Feliciano\",\"isPartOf\":{\"@id\":\"https:\/\/www.sarahmayfeliciano.com\/#website\"},\"primaryImageOfPage\":{\"@id\":\"https:\/\/www.sarahmayfeliciano.com\/about-sarah-may\/#primaryimage\"},\"image\":{\"@id\":\"https:\/\/www.sarahmayfeliciano.com\/about-sarah-may\/#primaryimage\"},\"thumbnailUrl\":\"https:\/\/www.sarahmayfeliciano.com\/wp-content\/uploads\/2024\/02\/DSC01291-768x512.jpg\",\"datePublished\":\"2024-02-29T20:22:54+00:00\",\"dateModified\":\"2024-03-23T20:10:40+00:00\",\"breadcrumb\":{\"@id\":\"https:\/\/www.sarahmayfeliciano.com\/about-sarah-may\/#breadcrumb\"},\"inLanguage\":\"en-US\",\"potentialAction\":[{\"@type\":\"ReadAction\",\"target\":[\"https:\/\/www.sarahmayfeliciano.com\/about-sarah-may\/\"]}]},{\"@type\":\"ImageObject\",\"inLanguage\":\"en-US\",\"@id\":\"https:\/\/www.sarahmayfeliciano.com\/about-sarah-may\/#primaryimage\",\"url\":\"https:\/\/www.sarahmayfeliciano.com\/wp-content\/uploads\/2024\/02\/DSC01291-768x512.jpg\",\"contentUrl\":\"https:\/\/www.sarahmayfeliciano.com\/wp-content\/uploads\/2024\/02\/DSC01291-768x512.jpg\"},{\"@type\":\"BreadcrumbList\",\"@id\":\"https:\/\/www.sarahmayfeliciano.com\/about-sarah-may\/#breadcrumb\",\"itemListElement\":[{\"@type\":\"ListItem\",\"position\":1,\"name\":\"Home\",\"item\":\"https:\/\/www.sarahmayfeliciano.com\/\"},{\"@type\":\"ListItem\",\"position\":2,\"name\":\"About Sarah May\"}]},{\"@type\":\"WebSite\",\"@id\":\"https:\/\/www.sarahmayfeliciano.com\/#website\",\"url\":\"https:\/\/www.sarahmayfeliciano.com\/\",\"name\":\"Sarah May Feliciano\",\"description\":\"\",\"publisher\":{\"@id\":\"https:\/\/www.sarahmayfeliciano.com\/#organization\"},\"potentialAction\":[{\"@type\":\"SearchAction\",\"target\":{\"@type\":\"EntryPoint\",\"urlTemplate\":\"https:\/\/www.sarahmayfeliciano.com\/?s={search_term_string}\"},\"query-input\":{\"@type\":\"PropertyValueSpecification\",\"valueRequired\":true,\"valueName\":\"search_term_string\"}}],\"inLanguage\":\"en-US\"},{\"@type\":\"Organization\",\"@id\":\"https:\/\/www.sarahmayfeliciano.com\/#organization\",\"name\":\"Sarah May Feliciano\",\"url\":\"https:\/\/www.sarahmayfeliciano.com\/\",\"logo\":{\"@type\":\"ImageObject\",\"inLanguage\":\"en-US\",\"@id\":\"https:\/\/www.sarahmayfeliciano.com\/#\/schema\/logo\/image\/\",\"url\":\"https:\/\/www.sarahmayfeliciano.com\/wp-content\/uploads\/2024\/04\/Sarah-May-Feliciano-Image.jpeg\",\"contentUrl\":\"https:\/\/www.sarahmayfeliciano.com\/wp-content\/uploads\/2024\/04\/Sarah-May-Feliciano-Image.jpeg\",\"width\":2048,\"height\":2015,\"caption\":\"Sarah May Feliciano\"},\"image\":{\"@id\":\"https:\/\/www.sarahmayfeliciano.com\/#\/schema\/logo\/image\/\"}}]}<\/script>\n<!-- \/ Yoast SEO plugin. -->","yoast_head_json":{"title":"About Sarah May - Sarah May Feliciano","robots":{"index":"index","follow":"follow","max-snippet":"max-snippet:-1","max-image-preview":"max-image-preview:large","max-video-preview":"max-video-preview:-1"},"canonical":"https:\/\/www.sarahmayfeliciano.com\/en\/about-sarah-may\/","og_locale":"en_US","og_type":"article","og_title":"About Sarah May - Sarah May Feliciano","og_description":"\u00dcber Mich Sarah May Feliciano wurde in Feldkirch, \u00d6sterreich, geboren und arbeitete \u00fcber 15 Jahre lang im Reise- und Gastgewerbe. [&hellip;]","og_url":"https:\/\/www.sarahmayfeliciano.com\/en\/about-sarah-may\/","og_site_name":"Sarah May Feliciano","article_modified_time":"2024-03-23T20:10:40+00:00","og_image":[{"url":"https:\/\/www.sarahmayfeliciano.com\/wp-content\/uploads\/2024\/02\/DSC01291-768x512.jpg","type":"","width":"","height":""}],"twitter_card":"summary_large_image","twitter_misc":{"Est. reading time":"2 minutes"},"schema":{"@context":"https:\/\/schema.org","@graph":[{"@type":"WebPage","@id":"https:\/\/www.sarahmayfeliciano.com\/about-sarah-may\/","url":"https:\/\/www.sarahmayfeliciano.com\/about-sarah-may\/","name":"About Sarah May - Sarah May Feliciano","isPartOf":{"@id":"https:\/\/www.sarahmayfeliciano.com\/#website"},"primaryImageOfPage":{"@id":"https:\/\/www.sarahmayfeliciano.com\/about-sarah-may\/#primaryimage"},"image":{"@id":"https:\/\/www.sarahmayfeliciano.com\/about-sarah-may\/#primaryimage"},"thumbnailUrl":"https:\/\/www.sarahmayfeliciano.com\/wp-content\/uploads\/2024\/02\/DSC01291-768x512.jpg","datePublished":"2024-02-29T20:22:54+00:00","dateModified":"2024-03-23T20:10:40+00:00","breadcrumb":{"@id":"https:\/\/www.sarahmayfeliciano.com\/about-sarah-may\/#breadcrumb"},"inLanguage":"en-US","potentialAction":[{"@type":"ReadAction","target":["https:\/\/www.sarahmayfeliciano.com\/about-sarah-may\/"]}]},{"@type":"ImageObject","inLanguage":"en-US","@id":"https:\/\/www.sarahmayfeliciano.com\/about-sarah-may\/#primaryimage","url":"https:\/\/www.sarahmayfeliciano.com\/wp-content\/uploads\/2024\/02\/DSC01291-768x512.jpg","contentUrl":"https:\/\/www.sarahmayfeliciano.com\/wp-content\/uploads\/2024\/02\/DSC01291-768x512.jpg"},{"@type":"BreadcrumbList","@id":"https:\/\/www.sarahmayfeliciano.com\/about-sarah-may\/#breadcrumb","itemListElement":[{"@type":"ListItem","position":1,"name":"Home","item":"https:\/\/www.sarahmayfeliciano.com\/"},{"@type":"ListItem","position":2,"name":"About Sarah May"}]},{"@type":"WebSite","@id":"https:\/\/www.sarahmayfeliciano.com\/#website","url":"https:\/\/www.sarahmayfeliciano.com\/","name":"Sarah May Feliciano","description":"","publisher":{"@id":"https:\/\/www.sarahmayfeliciano.com\/#organization"},"potentialAction":[{"@type":"SearchAction","target":{"@type":"EntryPoint","urlTemplate":"https:\/\/www.sarahmayfeliciano.com\/?s={search_term_string}"},"query-input":{"@type":"PropertyValueSpecification","valueRequired":true,"valueName":"search_term_string"}}],"inLanguage":"en-US"},{"@type":"Organization","@id":"https:\/\/www.sarahmayfeliciano.com\/#organization","name":"Sarah May Feliciano","url":"https:\/\/www.sarahmayfeliciano.com\/","logo":{"@type":"ImageObject","inLanguage":"en-US","@id":"https:\/\/www.sarahmayfeliciano.com\/#\/schema\/logo\/image\/","url":"https:\/\/www.sarahmayfeliciano.com\/wp-content\/uploads\/2024\/04\/Sarah-May-Feliciano-Image.jpeg","contentUrl":"https:\/\/www.sarahmayfeliciano.com\/wp-content\/uploads\/2024\/04\/Sarah-May-Feliciano-Image.jpeg","width":2048,"height":2015,"caption":"Sarah May Feliciano"},"image":{"@id":"https:\/\/www.sarahmayfeliciano.com\/#\/schema\/logo\/image\/"}}]}},"_links":{"self":[{"href":"https:\/\/www.sarahmayfeliciano.com\/en\/wp-json\/wp\/v2\/pages\/40"}],"collection":[{"href":"https:\/\/www.sarahmayfeliciano.com\/en\/wp-json\/wp\/v2\/pages"}],"about":[{"href":"https:\/\/www.sarahmayfeliciano.com\/en\/wp-json\/wp\/v2\/types\/page"}],"author":[{"embeddable":true,"href":"https:\/\/www.sarahmayfeliciano.com\/en\/wp-json\/wp\/v2\/users\/1"}],"replies":[{"embeddable":true,"href":"https:\/\/www.sarahmayfeliciano.com\/en\/wp-json\/wp\/v2\/comments?post=40"}],"version-history":[{"count":25,"href":"https:\/\/www.sarahmayfeliciano.com\/en\/wp-json\/wp\/v2\/pages\/40\/revisions"}],"predecessor-version":[{"id":285,"href":"https:\/\/www.sarahmayfeliciano.com\/en\/wp-json\/wp\/v2\/pages\/40\/revisions\/285"}],"wp:attachment":[{"href":"https:\/\/www.sarahmayfeliciano.com\/en\/wp-json\/wp\/v2\/media?parent=40"}],"curies":[{"name":"wp","href":"https:\/\/api.w.org\/{rel}","templated":true}]}}