{"id":45,"date":"2024-02-29T20:23:23","date_gmt":"2024-02-29T20:23:23","guid":{"rendered":"https:\/\/www.sarahmayfeliciano.com\/?page_id=45"},"modified":"2024-03-01T19:58:45","modified_gmt":"2024-03-01T19:58:45","slug":"faqs","status":"publish","type":"page","link":"https:\/\/www.sarahmayfeliciano.com\/en\/faqs\/","title":{"rendered":"Faqs"},"content":{"rendered":"\t\t<div data-elementor-type=\"wp-page\" data-elementor-id=\"45\" class=\"elementor elementor-45\" data-elementor-settings=\"{&quot;ha_cmc_init_switcher&quot;:&quot;no&quot;}\" data-elementor-post-type=\"page\">\n\t\t\t\t\t\t<section class=\"elementor-section elementor-top-section elementor-element elementor-element-5bc25c7 elementor-section-boxed elementor-section-height-default elementor-section-height-default\" data-id=\"5bc25c7\" data-element_type=\"section\" data-settings=\"{&quot;_ha_eqh_enable&quot;:false}\">\n\t\t\t\t\t\t<div class=\"elementor-container elementor-column-gap-default\">\n\t\t\t\t\t<div class=\"elementor-column elementor-col-100 elementor-top-column elementor-element elementor-element-c5665aa\" data-id=\"c5665aa\" data-element_type=\"column\">\n\t\t\t<div class=\"elementor-widget-wrap elementor-element-populated\">\n\t\t\t\t\t\t<div class=\"elementor-element elementor-element-f01dd60 elementor-widget elementor-widget-heading\" data-id=\"f01dd60\" data-element_type=\"widget\" data-widget_type=\"heading.default\">\n\t\t\t\t<div class=\"elementor-widget-container\">\n\t\t\t<p class=\"elementor-heading-title elementor-size-default\">Entdecken Sie die fesselnde Welt der Literatur auf 'Sarah May Feliciano' \u2013 wo jedes Buch Sie zu einer Reise der Vorstellungskraft und Emotion einl\u00e4dt.<\/p>\t\t<\/div>\n\t\t\t\t<\/div>\n\t\t\t\t<div class=\"elementor-element elementor-element-6434a1f elementor-widget elementor-widget-toggle\" data-id=\"6434a1f\" data-element_type=\"widget\" data-widget_type=\"toggle.default\">\n\t\t\t\t<div class=\"elementor-widget-container\">\n\t\t\t\t\t<div class=\"elementor-toggle\">\n\t\t\t\t\t\t\t<div class=\"elementor-toggle-item\">\n\t\t\t\t\t<h3 id=\"elementor-tab-title-1051\" class=\"elementor-tab-title\" data-tab=\"1\" role=\"button\" aria-controls=\"elementor-tab-content-1051\" aria-expanded=\"false\">\n\t\t\t\t\t\t\t\t\t\t\t\t<span class=\"elementor-toggle-icon elementor-toggle-icon-right\" aria-hidden=\"true\">\n\t\t\t\t\t\t\t\t\t\t\t\t\t\t\t<span class=\"elementor-toggle-icon-closed\"><i class=\"hm hm-caret-fill-down\"><\/i><\/span>\n\t\t\t\t\t\t\t\t<span class=\"elementor-toggle-icon-opened\"><i class=\"elementor-toggle-icon-opened hm hm-caret-fill-up\"><\/i><\/span>\n\t\t\t\t\t\t\t\t\t\t\t\t\t<\/span>\n\t\t\t\t\t\t\t\t\t\t\t\t<a class=\"elementor-toggle-title\" tabindex=\"0\">Wie kaufe ich ein Buch auf Sarah May Feliciano?<\/a>\n\t\t\t\t\t<\/h3>\n\n\t\t\t\t\t<div id=\"elementor-tab-content-1051\" class=\"elementor-tab-content elementor-clearfix\" data-tab=\"1\" role=\"region\" aria-labelledby=\"elementor-tab-title-1051\"><p>Um ein Buch zu kaufen, durchst\u00f6bern Sie einfach unseren Katalog, w\u00e4hlen Sie Ihren gew\u00fcnschten Titel aus und gehen Sie zur Kasse. Folgen Sie den einfachen Schritten, um Ihren Kauf sicher abzuschlie\u00dfen.<\/p><\/div>\n\t\t\t\t<\/div>\n\t\t\t\t\t\t\t<div class=\"elementor-toggle-item\">\n\t\t\t\t\t<h3 id=\"elementor-tab-title-1052\" class=\"elementor-tab-title\" data-tab=\"2\" role=\"button\" aria-controls=\"elementor-tab-content-1052\" aria-expanded=\"false\">\n\t\t\t\t\t\t\t\t\t\t\t\t<span class=\"elementor-toggle-icon elementor-toggle-icon-right\" aria-hidden=\"true\">\n\t\t\t\t\t\t\t\t\t\t\t\t\t\t\t<span class=\"elementor-toggle-icon-closed\"><i class=\"hm hm-caret-fill-down\"><\/i><\/span>\n\t\t\t\t\t\t\t\t<span class=\"elementor-toggle-icon-opened\"><i class=\"elementor-toggle-icon-opened hm hm-caret-fill-up\"><\/i><\/span>\n\t\t\t\t\t\t\t\t\t\t\t\t\t<\/span>\n\t\t\t\t\t\t\t\t\t\t\t\t<a class=\"elementor-toggle-title\" tabindex=\"0\">Welche Zahlungsmethoden akzeptiert Sarah May Feliciano?<\/a>\n\t\t\t\t\t<\/h3>\n\n\t\t\t\t\t<div id=\"elementor-tab-content-1052\" class=\"elementor-tab-content elementor-clearfix\" data-tab=\"2\" role=\"region\" aria-labelledby=\"elementor-tab-title-1052\"><p>Wir akzeptieren Zahlungen \u00fcber verschiedene Methoden, einschlie\u00dflich Kredit-\/Debitkarten und PayPal, um Ihnen ein bequemes und sicheres Einkaufserlebnis zu bieten.<\/p><\/div>\n\t\t\t\t<\/div>\n\t\t\t\t\t\t\t<div class=\"elementor-toggle-item\">\n\t\t\t\t\t<h3 id=\"elementor-tab-title-1053\" class=\"elementor-tab-title\" data-tab=\"3\" role=\"button\" aria-controls=\"elementor-tab-content-1053\" aria-expanded=\"false\">\n\t\t\t\t\t\t\t\t\t\t\t\t<span class=\"elementor-toggle-icon elementor-toggle-icon-right\" aria-hidden=\"true\">\n\t\t\t\t\t\t\t\t\t\t\t\t\t\t\t<span class=\"elementor-toggle-icon-closed\"><i class=\"hm hm-caret-fill-down\"><\/i><\/span>\n\t\t\t\t\t\t\t\t<span class=\"elementor-toggle-icon-opened\"><i class=\"elementor-toggle-icon-opened hm hm-caret-fill-up\"><\/i><\/span>\n\t\t\t\t\t\t\t\t\t\t\t\t\t<\/span>\n\t\t\t\t\t\t\t\t\t\t\t\t<a class=\"elementor-toggle-title\" tabindex=\"0\">Kann ich eine R\u00fcckerstattung erhalten, wenn ich mit meinem Kauf von Sarah May Feliciano nicht zufrieden bin?<\/a>\n\t\t\t\t\t<\/h3>\n\n\t\t\t\t\t<div id=\"elementor-tab-content-1053\" class=\"elementor-tab-content elementor-clearfix\" data-tab=\"3\" role=\"region\" aria-labelledby=\"elementor-tab-title-1053\"><p>Wir m\u00f6chten, dass Sie mit Ihrem Kauf zufrieden sind. \u00dcberpr\u00fcfen Sie bitte unsere R\u00fcckgaberegelungen f\u00fcr Informationen zu R\u00fcckgaben und R\u00fcckerstattungen, um einen fairen und transparenten Prozess sicherzustellen.<\/p><\/div>\n\t\t\t\t<\/div>\n\t\t\t\t\t\t\t<div class=\"elementor-toggle-item\">\n\t\t\t\t\t<h3 id=\"elementor-tab-title-1054\" class=\"elementor-tab-title\" data-tab=\"4\" role=\"button\" aria-controls=\"elementor-tab-content-1054\" aria-expanded=\"false\">\n\t\t\t\t\t\t\t\t\t\t\t\t<span class=\"elementor-toggle-icon elementor-toggle-icon-right\" aria-hidden=\"true\">\n\t\t\t\t\t\t\t\t\t\t\t\t\t\t\t<span class=\"elementor-toggle-icon-closed\"><i class=\"hm hm-caret-fill-down\"><\/i><\/span>\n\t\t\t\t\t\t\t\t<span class=\"elementor-toggle-icon-opened\"><i class=\"elementor-toggle-icon-opened hm hm-caret-fill-up\"><\/i><\/span>\n\t\t\t\t\t\t\t\t\t\t\t\t\t<\/span>\n\t\t\t\t\t\t\t\t\t\t\t\t<a class=\"elementor-toggle-title\" tabindex=\"0\">Ist internationaler Versand f\u00fcr B\u00fccher von Sarah May Feliciano verf\u00fcgbar?<\/a>\n\t\t\t\t\t<\/h3>\n\n\t\t\t\t\t<div id=\"elementor-tab-content-1054\" class=\"elementor-tab-content elementor-clearfix\" data-tab=\"4\" role=\"region\" aria-labelledby=\"elementor-tab-title-1054\"><p>Ja, wir bieten internationalen Versand an. \u00dcberpr\u00fcfen Sie unsere Versandinformationen f\u00fcr Details zu Lieferzeiten, unterst\u00fctzte L\u00e4nder und etwaige Geb\u00fchren.<\/p><\/div>\n\t\t\t\t<\/div>\n\t\t\t\t\t\t\t<div class=\"elementor-toggle-item\">\n\t\t\t\t\t<h3 id=\"elementor-tab-title-1055\" class=\"elementor-tab-title\" data-tab=\"5\" role=\"button\" aria-controls=\"elementor-tab-content-1055\" aria-expanded=\"false\">\n\t\t\t\t\t\t\t\t\t\t\t\t<span class=\"elementor-toggle-icon elementor-toggle-icon-right\" aria-hidden=\"true\">\n\t\t\t\t\t\t\t\t\t\t\t\t\t\t\t<span class=\"elementor-toggle-icon-closed\"><i class=\"hm hm-caret-fill-down\"><\/i><\/span>\n\t\t\t\t\t\t\t\t<span class=\"elementor-toggle-icon-opened\"><i class=\"elementor-toggle-icon-opened hm hm-caret-fill-up\"><\/i><\/span>\n\t\t\t\t\t\t\t\t\t\t\t\t\t<\/span>\n\t\t\t\t\t\t\t\t\t\t\t\t<a class=\"elementor-toggle-title\" tabindex=\"0\">Wie kann ich den Kundensupport von Sarah May Feliciano kontaktieren?<\/a>\n\t\t\t\t\t<\/h3>\n\n\t\t\t\t\t<div id=\"elementor-tab-content-1055\" class=\"elementor-tab-content elementor-clearfix\" data-tab=\"5\" role=\"region\" aria-labelledby=\"elementor-tab-title-1055\"><p>Bei Fragen oder Anliegen steht Ihnen unser Kundensupport-Team zur Verf\u00fcgung. Kontaktieren Sie uns per [E-Mail\/Telefon], und wir melden uns umgehend bei Ihnen.<\/p><\/div>\n\t\t\t\t<\/div>\n\t\t\t\t\t\t\t<div class=\"elementor-toggle-item\">\n\t\t\t\t\t<h3 id=\"elementor-tab-title-1056\" class=\"elementor-tab-title\" data-tab=\"6\" role=\"button\" aria-controls=\"elementor-tab-content-1056\" aria-expanded=\"false\">\n\t\t\t\t\t\t\t\t\t\t\t\t<span class=\"elementor-toggle-icon elementor-toggle-icon-right\" aria-hidden=\"true\">\n\t\t\t\t\t\t\t\t\t\t\t\t\t\t\t<span class=\"elementor-toggle-icon-closed\"><i class=\"hm hm-caret-fill-down\"><\/i><\/span>\n\t\t\t\t\t\t\t\t<span class=\"elementor-toggle-icon-opened\"><i class=\"elementor-toggle-icon-opened hm hm-caret-fill-up\"><\/i><\/span>\n\t\t\t\t\t\t\t\t\t\t\t\t\t<\/span>\n\t\t\t\t\t\t\t\t\t\t\t\t<a class=\"elementor-toggle-title\" tabindex=\"0\">Gibt es besondere Aktionen oder Rabatte auf B\u00fccher von Sarah May Feliciano?<\/a>\n\t\t\t\t\t<\/h3>\n\n\t\t\t\t\t<div id=\"elementor-tab-content-1056\" class=\"elementor-tab-content elementor-clearfix\" data-tab=\"6\" role=\"region\" aria-labelledby=\"elementor-tab-title-1056\"><p>Bleiben Sie auf dem Laufenden \u00fcber unsere neuesten Aktionen und Rabatte, um das Beste aus Ihrem Bucheinkauf zu machen. Besuchen Sie unsere Aktionsseite f\u00fcr laufende Angebote und Einsparungen.<\/p><\/div>\n\t\t\t\t<\/div>\n\t\t\t\t\t\t\t\t\t\t<script type=\"application\/ld+json\">{\"@context\":\"https:\\\/\\\/schema.org\",\"@type\":\"FAQPage\",\"mainEntity\":[{\"@type\":\"Question\",\"name\":\"Wie kaufe ich ein Buch auf Sarah May Feliciano?\",\"acceptedAnswer\":{\"@type\":\"Answer\",\"text\":\"<p>Um ein Buch zu kaufen, durchst\\u00f6bern Sie einfach unseren Katalog, w\\u00e4hlen Sie Ihren gew\\u00fcnschten Titel aus und gehen Sie zur Kasse. Folgen Sie den einfachen Schritten, um Ihren Kauf sicher abzuschlie\\u00dfen.<\\\/p>\"}},{\"@type\":\"Question\",\"name\":\"Welche Zahlungsmethoden akzeptiert Sarah May Feliciano?\",\"acceptedAnswer\":{\"@type\":\"Answer\",\"text\":\"<p>Wir akzeptieren Zahlungen \\u00fcber verschiedene Methoden, einschlie\\u00dflich Kredit-\\\/Debitkarten und PayPal, um Ihnen ein bequemes und sicheres Einkaufserlebnis zu bieten.<\\\/p>\"}},{\"@type\":\"Question\",\"name\":\"Kann ich eine R\\u00fcckerstattung erhalten, wenn ich mit meinem Kauf von Sarah May Feliciano nicht zufrieden bin?\",\"acceptedAnswer\":{\"@type\":\"Answer\",\"text\":\"<p>Wir m\\u00f6chten, dass Sie mit Ihrem Kauf zufrieden sind. \\u00dcberpr\\u00fcfen Sie bitte unsere R\\u00fcckgaberegelungen f\\u00fcr Informationen zu R\\u00fcckgaben und R\\u00fcckerstattungen, um einen fairen und transparenten Prozess sicherzustellen.<\\\/p>\"}},{\"@type\":\"Question\",\"name\":\"Ist internationaler Versand f\\u00fcr B\\u00fccher von Sarah May Feliciano verf\\u00fcgbar?\",\"acceptedAnswer\":{\"@type\":\"Answer\",\"text\":\"<p>Ja, wir bieten internationalen Versand an. \\u00dcberpr\\u00fcfen Sie unsere Versandinformationen f\\u00fcr Details zu Lieferzeiten, unterst\\u00fctzte L\\u00e4nder und etwaige Geb\\u00fchren.<\\\/p>\"}},{\"@type\":\"Question\",\"name\":\"Wie kann ich den Kundensupport von Sarah May Feliciano kontaktieren?\",\"acceptedAnswer\":{\"@type\":\"Answer\",\"text\":\"<p>Bei Fragen oder Anliegen steht Ihnen unser Kundensupport-Team zur Verf\\u00fcgung. Kontaktieren Sie uns per [E-Mail\\\/Telefon], und wir melden uns umgehend bei Ihnen.<\\\/p>\"}},{\"@type\":\"Question\",\"name\":\"Gibt es besondere Aktionen oder Rabatte auf B\\u00fccher von Sarah May Feliciano?\",\"acceptedAnswer\":{\"@type\":\"Answer\",\"text\":\"<p>Bleiben Sie auf dem Laufenden \\u00fcber unsere neuesten Aktionen und Rabatte, um das Beste aus Ihrem Bucheinkauf zu machen. Besuchen Sie unsere Aktionsseite f\\u00fcr laufende Angebote und Einsparungen.<\\\/p>\"}}]}<\/script>\n\t\t\t\t\t<\/div>\n\t\t\t\t<\/div>\n\t\t\t\t<\/div>\n\t\t\t\t\t<\/div>\n\t\t<\/div>\n\t\t\t\t\t<\/div>\n\t\t<\/section>\n\t\t\t\t<\/div>\n\t\t","protected":false},"excerpt":{"rendered":"<p>Entdecken Sie die fesselnde Welt der Literatur auf &#8218;Sarah May Feliciano&#8216; \u2013 wo jedes Buch Sie zu einer Reise der [&hellip;]<\/p>\n","protected":false},"author":1,"featured_media":0,"parent":0,"menu_order":0,"comment_status":"closed","ping_status":"closed","template":"elementor_header_footer","meta":{"site-sidebar-layout":"no-sidebar","site-content-layout":"","ast-site-content-layout":"full-width-container","site-content-style":"default","site-sidebar-style":"default","ast-global-header-display":"","ast-banner-title-visibility":"","ast-main-header-display":"","ast-hfb-above-header-display":"","ast-hfb-below-header-display":"","ast-hfb-mobile-header-display":"","site-post-title":"disabled","ast-breadcrumbs-content":"","ast-featured-img":"disabled","footer-sml-layout":"","theme-transparent-header-meta":"default","adv-header-id-meta":"","stick-header-meta":"","header-above-stick-meta":"","header-main-stick-meta":"","header-below-stick-meta":"","astra-migrate-meta-layouts":"set","ast-page-background-enabled":"default","ast-page-background-meta":{"desktop":{"background-color":"var(--ast-global-color-4)","background-image":"","background-repeat":"repeat","background-position":"center center","background-size":"auto","background-attachment":"scroll","background-type":"","background-media":"","overlay-type":"","overlay-color":"","overlay-gradient":""},"tablet":{"background-color":"","background-image":"","background-repeat":"repeat","background-position":"center center","background-size":"auto","background-attachment":"scroll","background-type":"","background-media":"","overlay-type":"","overlay-color":"","overlay-gradient":""},"mobile":{"background-color":"","background-image":"","background-repeat":"repeat","background-position":"center center","background-size":"auto","background-attachment":"scroll","background-type":"","background-media":"","overlay-type":"","overlay-color":"","overlay-gradient":""}},"ast-content-background-meta":{"desktop":{"background-color":"var(--ast-global-color-5)","background-image":"","background-repeat":"repeat","background-position":"center center","background-size":"auto","background-attachment":"scroll","background-type":"","background-media":"","overlay-type":"","overlay-color":"","overlay-gradient":""},"tablet":{"background-color":"var(--ast-global-color-5)","background-image":"","background-repeat":"repeat","background-position":"center center","background-size":"auto","background-attachment":"scroll","background-type":"","background-media":"","overlay-type":"","overlay-color":"","overlay-gradient":""},"mobile":{"background-color":"var(--ast-global-color-5)","background-image":"","background-repeat":"repeat","background-position":"center center","background-size":"auto","background-attachment":"scroll","background-type":"","background-media":"","overlay-type":"","overlay-color":"","overlay-gradient":""}},"footnotes":""},"class_list":["post-45","page","type-page","status-publish","hentry"],"yoast_head":"<!-- This site is optimized with the Yoast SEO plugin v25.6 - https:\/\/yoast.com\/wordpress\/plugins\/seo\/ -->\n<title>Faqs - Sarah May Feliciano<\/title>\n<meta name=\"robots\" content=\"index, follow, max-snippet:-1, max-image-preview:large, max-video-preview:-1\" \/>\n<link rel=\"canonical\" href=\"https:\/\/www.sarahmayfeliciano.com\/en\/faqs\/\" \/>\n<meta property=\"og:locale\" content=\"en_US\" \/>\n<meta property=\"og:type\" content=\"article\" \/>\n<meta property=\"og:title\" content=\"Faqs - Sarah May Feliciano\" \/>\n<meta property=\"og:description\" content=\"Entdecken Sie die fesselnde Welt der Literatur auf &#8218;Sarah May Feliciano&#8216; \u2013 wo jedes Buch Sie zu einer Reise der [&hellip;]\" \/>\n<meta property=\"og:url\" content=\"https:\/\/www.sarahmayfeliciano.com\/en\/faqs\/\" \/>\n<meta property=\"og:site_name\" content=\"Sarah May Feliciano\" \/>\n<meta property=\"article:modified_time\" content=\"2024-03-01T19:58:45+00:00\" \/>\n<meta name=\"twitter:card\" content=\"summary_large_image\" \/>\n<meta name=\"twitter:label1\" content=\"Est. reading time\" \/>\n\t<meta name=\"twitter:data1\" content=\"1 minute\" \/>\n<script type=\"application\/ld+json\" class=\"yoast-schema-graph\">{\"@context\":\"https:\/\/schema.org\",\"@graph\":[{\"@type\":\"WebPage\",\"@id\":\"https:\/\/www.sarahmayfeliciano.com\/faqs\/\",\"url\":\"https:\/\/www.sarahmayfeliciano.com\/faqs\/\",\"name\":\"Faqs - Sarah May Feliciano\",\"isPartOf\":{\"@id\":\"https:\/\/www.sarahmayfeliciano.com\/#website\"},\"datePublished\":\"2024-02-29T20:23:23+00:00\",\"dateModified\":\"2024-03-01T19:58:45+00:00\",\"breadcrumb\":{\"@id\":\"https:\/\/www.sarahmayfeliciano.com\/faqs\/#breadcrumb\"},\"inLanguage\":\"en-US\",\"potentialAction\":[{\"@type\":\"ReadAction\",\"target\":[\"https:\/\/www.sarahmayfeliciano.com\/faqs\/\"]}]},{\"@type\":\"BreadcrumbList\",\"@id\":\"https:\/\/www.sarahmayfeliciano.com\/faqs\/#breadcrumb\",\"itemListElement\":[{\"@type\":\"ListItem\",\"position\":1,\"name\":\"Home\",\"item\":\"https:\/\/www.sarahmayfeliciano.com\/\"},{\"@type\":\"ListItem\",\"position\":2,\"name\":\"Faqs\"}]},{\"@type\":\"WebSite\",\"@id\":\"https:\/\/www.sarahmayfeliciano.com\/#website\",\"url\":\"https:\/\/www.sarahmayfeliciano.com\/\",\"name\":\"Sarah May Feliciano\",\"description\":\"\",\"publisher\":{\"@id\":\"https:\/\/www.sarahmayfeliciano.com\/#organization\"},\"potentialAction\":[{\"@type\":\"SearchAction\",\"target\":{\"@type\":\"EntryPoint\",\"urlTemplate\":\"https:\/\/www.sarahmayfeliciano.com\/?s={search_term_string}\"},\"query-input\":{\"@type\":\"PropertyValueSpecification\",\"valueRequired\":true,\"valueName\":\"search_term_string\"}}],\"inLanguage\":\"en-US\"},{\"@type\":\"Organization\",\"@id\":\"https:\/\/www.sarahmayfeliciano.com\/#organization\",\"name\":\"Sarah May Feliciano\",\"url\":\"https:\/\/www.sarahmayfeliciano.com\/\",\"logo\":{\"@type\":\"ImageObject\",\"inLanguage\":\"en-US\",\"@id\":\"https:\/\/www.sarahmayfeliciano.com\/#\/schema\/logo\/image\/\",\"url\":\"https:\/\/www.sarahmayfeliciano.com\/wp-content\/uploads\/2024\/04\/Sarah-May-Feliciano-Image.jpeg\",\"contentUrl\":\"https:\/\/www.sarahmayfeliciano.com\/wp-content\/uploads\/2024\/04\/Sarah-May-Feliciano-Image.jpeg\",\"width\":2048,\"height\":2015,\"caption\":\"Sarah May Feliciano\"},\"image\":{\"@id\":\"https:\/\/www.sarahmayfeliciano.com\/#\/schema\/logo\/image\/\"}}]}<\/script>\n<!-- \/ Yoast SEO plugin. -->","yoast_head_json":{"title":"Faqs - Sarah May Feliciano","robots":{"index":"index","follow":"follow","max-snippet":"max-snippet:-1","max-image-preview":"max-image-preview:large","max-video-preview":"max-video-preview:-1"},"canonical":"https:\/\/www.sarahmayfeliciano.com\/en\/faqs\/","og_locale":"en_US","og_type":"article","og_title":"Faqs - Sarah May Feliciano","og_description":"Entdecken Sie die fesselnde Welt der Literatur auf &#8218;Sarah May Feliciano&#8216; \u2013 wo jedes Buch Sie zu einer Reise der [&hellip;]","og_url":"https:\/\/www.sarahmayfeliciano.com\/en\/faqs\/","og_site_name":"Sarah May Feliciano","article_modified_time":"2024-03-01T19:58:45+00:00","twitter_card":"summary_large_image","twitter_misc":{"Est. reading time":"1 minute"},"schema":{"@context":"https:\/\/schema.org","@graph":[{"@type":"WebPage","@id":"https:\/\/www.sarahmayfeliciano.com\/faqs\/","url":"https:\/\/www.sarahmayfeliciano.com\/faqs\/","name":"Faqs - Sarah May Feliciano","isPartOf":{"@id":"https:\/\/www.sarahmayfeliciano.com\/#website"},"datePublished":"2024-02-29T20:23:23+00:00","dateModified":"2024-03-01T19:58:45+00:00","breadcrumb":{"@id":"https:\/\/www.sarahmayfeliciano.com\/faqs\/#breadcrumb"},"inLanguage":"en-US","potentialAction":[{"@type":"ReadAction","target":["https:\/\/www.sarahmayfeliciano.com\/faqs\/"]}]},{"@type":"BreadcrumbList","@id":"https:\/\/www.sarahmayfeliciano.com\/faqs\/#breadcrumb","itemListElement":[{"@type":"ListItem","position":1,"name":"Home","item":"https:\/\/www.sarahmayfeliciano.com\/"},{"@type":"ListItem","position":2,"name":"Faqs"}]},{"@type":"WebSite","@id":"https:\/\/www.sarahmayfeliciano.com\/#website","url":"https:\/\/www.sarahmayfeliciano.com\/","name":"Sarah May Feliciano","description":"","publisher":{"@id":"https:\/\/www.sarahmayfeliciano.com\/#organization"},"potentialAction":[{"@type":"SearchAction","target":{"@type":"EntryPoint","urlTemplate":"https:\/\/www.sarahmayfeliciano.com\/?s={search_term_string}"},"query-input":{"@type":"PropertyValueSpecification","valueRequired":true,"valueName":"search_term_string"}}],"inLanguage":"en-US"},{"@type":"Organization","@id":"https:\/\/www.sarahmayfeliciano.com\/#organization","name":"Sarah May Feliciano","url":"https:\/\/www.sarahmayfeliciano.com\/","logo":{"@type":"ImageObject","inLanguage":"en-US","@id":"https:\/\/www.sarahmayfeliciano.com\/#\/schema\/logo\/image\/","url":"https:\/\/www.sarahmayfeliciano.com\/wp-content\/uploads\/2024\/04\/Sarah-May-Feliciano-Image.jpeg","contentUrl":"https:\/\/www.sarahmayfeliciano.com\/wp-content\/uploads\/2024\/04\/Sarah-May-Feliciano-Image.jpeg","width":2048,"height":2015,"caption":"Sarah May Feliciano"},"image":{"@id":"https:\/\/www.sarahmayfeliciano.com\/#\/schema\/logo\/image\/"}}]}},"_links":{"self":[{"href":"https:\/\/www.sarahmayfeliciano.com\/en\/wp-json\/wp\/v2\/pages\/45"}],"collection":[{"href":"https:\/\/www.sarahmayfeliciano.com\/en\/wp-json\/wp\/v2\/pages"}],"about":[{"href":"https:\/\/www.sarahmayfeliciano.com\/en\/wp-json\/wp\/v2\/types\/page"}],"author":[{"embeddable":true,"href":"https:\/\/www.sarahmayfeliciano.com\/en\/wp-json\/wp\/v2\/users\/1"}],"replies":[{"embeddable":true,"href":"https:\/\/www.sarahmayfeliciano.com\/en\/wp-json\/wp\/v2\/comments?post=45"}],"version-history":[{"count":25,"href":"https:\/\/www.sarahmayfeliciano.com\/en\/wp-json\/wp\/v2\/pages\/45\/revisions"}],"predecessor-version":[{"id":206,"href":"https:\/\/www.sarahmayfeliciano.com\/en\/wp-json\/wp\/v2\/pages\/45\/revisions\/206"}],"wp:attachment":[{"href":"https:\/\/www.sarahmayfeliciano.com\/en\/wp-json\/wp\/v2\/media?parent=45"}],"curies":[{"name":"wp","href":"https:\/\/api.w.org\/{rel}","templated":true}]}}